{"id":79,"date":"2019-10-07T14:27:21","date_gmt":"2019-10-07T14:27:21","guid":{"rendered":"https:\/\/blog.yoopies.no\/hvordan-fa-jobben\/"},"modified":"2025-06-12T08:49:42","modified_gmt":"2025-06-12T08:49:42","slug":"hvordan-fa-jobben","status":"publish","type":"page","link":"https:\/\/yoopies.no\/c\/hvordan-fa-jobben\/","title":{"rendered":"Hvordan f\u00e5 jobben som barnevakt"},"content":{"rendered":"<p><p>Det kan v&aelig;re nedsl&aring;ende &aring; ikke f&aring; jobben du har s&oslash;kt p&aring;, og ofte vet man ikke hvorfor man ikke ble valgt. Foreldre g&aring;r ofte etter de profilene med mest informasjon og interessant tekst. Her er noen tips til hva du kan gj&oslash;re for &aring; f&aring; jobben selv f&oslash;r du har s&oslash;kt p&aring; den!<\/p>\n<\/p>\n<figure><img decoding=\"async\" src=\"https:\/\/yoopies.no\/c\/wp-content\/uploads\/sites\/14\/2019\/10\/6ab84bef8f9a51b87ae98d28a73c6d546f470235-computer-1.jpg\" \/><figcaption>Planlegging<\/figcaption><\/figure>\n<p><h3><strong>1. Skriv en bra annonse<\/strong><\/h3>\n<p>Det f&oslash;rste og kanskje det viktigste punktet er &aring; ha en flott annonse. &Aring; skrive en bra annonse vil tiltrekke seg oppmerksomheten til potensielle arbeidsgivere. Skriv om hvilke tjenester du kan tilby og hvilke relevante erfaringer du har fra f&oslash;r. V&aelig;r oppmerksom p&aring; at det ikke er for mange skrivefeil i teksten. Det kan v&aelig;re en avgj&oslash;rende n&aring;r det kommer til hvem av barnevaktene foreldrene &oslash;nsker &aring; kontakte. <\/p>\n<h3><strong>2. Ha et profilbilde<\/strong><\/h3>\n<p>Foreldre vil gjerne se hvordan deres fremtidige barnevakt ser ut. Last opp et bilde der man ser ansiktet ditt tydelig, og aller helst et bilde der du smiler! Sammen med en fin annonse vil det skape et bilde av hvem du er som person. <\/p>\n<h3><strong>3. V&aelig;r tilgjengelig<\/strong><\/h3>\n<p>Uansett om du er interessert i jobben eller ikke, er det viktig &aring; svare p&aring; meldingene du f&aring;r. N&aring;r du velger &aring; ikke svare p&aring; meldinger g&aring;r svarprosenten din ned, og annonsen din vil havne nederst p&aring; listen. Svarer du p&aring; alle meldingene du f&aring;r vil det v&aelig;re st&oslash;rre sjanse for &aring; bli kontaktet av foreldre igjen i fremtiden. <\/p>\n<h3><strong>4. Skill deg ut<\/strong><\/h3>\n<p>Hva gj&oslash;r at du skiller deg ut? Har du noen spesielle interesser eller hobbyer du kanskje kan dele i annonsen? Mange foreldre &oslash;nsker barnevakter som kan l&aelig;re barna noe. Spiller du et instrument, eller er du flink til &aring; male? Ta det med i annonsen din! Det vil ihvertfall ikke minske sjansene dine.<\/p>\n<h3><strong>5. Vis n&aring;r du kan jobbe<\/strong><\/h3>\n<p>De fleste foreldre vil sette pris p&aring; at du er tydelig p&aring; n&aring;r du kan jobbe og ikke. &Aring; vite at du kan jobbe timene de trenger deg, allerede f&oslash;r de kontakter deg, vil v&aelig;re et stort pluss i boka! I tillegg til &aring; fylle ut timeplanen p&aring; plattformen kan du ogs&aring; skrive n&aring;r du er tilgjengelig i annonsen din. <\/p>\n<\/p>\n<p>Enten du vil jobbe som barnevakt, dyrepasser, leksehjelp, hjemmehjelp eller vaskehjelp kan du lage en annonse innen hver av tjenestene i p&aring; <a href=\"https:\/\/www.yoopies.no\">Yoopies<\/a> i dag! <\/p>\n<\/p>\n<p><a class=\"button\" href=\"https:\/\/www.yoopies.no\">Lag en annonse i dag!<\/a><\/p>\n","protected":false},"excerpt":{"rendered":"<p>Det kan v&aelig;re nedsl&aring;ende &aring; ikke f&aring; jobben du har s&oslash;kt p&aring;, og ofte vet &hellip; <\/p>\n","protected":false},"author":10,"featured_media":81,"parent":0,"menu_order":0,"comment_status":"closed","ping_status":"closed","template":"","meta":{"_acf_changed":false,"footnotes":""},"class_list":["post-79","page","type-page","status-publish","has-post-thumbnail","hentry"],"acf":[],"yoast_head":"<!-- This site is optimized with the Yoast SEO plugin v26.9 - https:\/\/yoast.com\/product\/yoast-seo-wordpress\/ -->\n<title>Tips til hvordan du kan f\u00e5 jobben som barnevakt<\/title>\n<meta name=\"description\" content=\"Se hvordan noen enkle grep gj\u00f8r at du f\u00e5r jobben\" \/>\n<meta name=\"robots\" content=\"index, follow, max-snippet:-1, max-image-preview:large, max-video-preview:-1\" \/>\n<link rel=\"canonical\" href=\"https:\/\/yoopies.no\/c\/hvordan-fa-jobben\/\" \/>\n<meta property=\"og:locale\" content=\"nb_NO\" \/>\n<meta property=\"og:type\" content=\"article\" \/>\n<meta property=\"og:title\" content=\"Tips til hvordan du kan f\u00e5 jobben som barnevakt\" \/>\n<meta property=\"og:description\" content=\"Se hvordan noen enkle grep gj\u00f8r at du f\u00e5r jobben\" \/>\n<meta property=\"og:url\" content=\"https:\/\/yoopies.no\/c\/hvordan-fa-jobben\/\" \/>\n<meta property=\"og:site_name\" content=\"Yoopies Norge\" \/>\n<meta property=\"article:modified_time\" content=\"2025-06-12T08:49:42+00:00\" \/>\n<meta property=\"og:image\" content=\"https:\/\/yoopies.no\/c\/wp-content\/uploads\/sites\/14\/2019\/10\/98279157cae479ce5e5ff58681380e1f7ba5c4fa-computer-1.jpg\" \/>\n\t<meta property=\"og:image:width\" content=\"1200\" \/>\n\t<meta property=\"og:image:height\" content=\"675\" \/>\n\t<meta property=\"og:image:type\" content=\"image\/jpeg\" \/>\n<meta name=\"twitter:card\" content=\"summary_large_image\" \/>\n<meta name=\"twitter:label1\" content=\"Ansl. lesetid\" \/>\n\t<meta name=\"twitter:data1\" content=\"2 minutter\" \/>\n<script type=\"application\/ld+json\" class=\"yoast-schema-graph\">{\"@context\":\"https:\/\/schema.org\",\"@graph\":[{\"@type\":\"WebPage\",\"@id\":\"https:\/\/yoopies.no\/c\/hvordan-fa-jobben\/\",\"url\":\"https:\/\/yoopies.no\/c\/hvordan-fa-jobben\/\",\"name\":\"Tips til hvordan du kan f\u00e5 jobben som barnevakt\",\"isPartOf\":{\"@id\":\"https:\/\/yoopies.no\/c\/#website\"},\"primaryImageOfPage\":{\"@id\":\"https:\/\/yoopies.no\/c\/hvordan-fa-jobben\/#primaryimage\"},\"image\":{\"@id\":\"https:\/\/yoopies.no\/c\/hvordan-fa-jobben\/#primaryimage\"},\"thumbnailUrl\":\"https:\/\/yoopies.no\/c\/wp-content\/uploads\/sites\/14\/2019\/10\/98279157cae479ce5e5ff58681380e1f7ba5c4fa-computer-1.jpg\",\"datePublished\":\"2019-10-07T14:27:21+00:00\",\"dateModified\":\"2025-06-12T08:49:42+00:00\",\"description\":\"Se hvordan noen enkle grep gj\u00f8r at du f\u00e5r jobben\",\"breadcrumb\":{\"@id\":\"https:\/\/yoopies.no\/c\/hvordan-fa-jobben\/#breadcrumb\"},\"inLanguage\":\"nb-NO\",\"potentialAction\":[{\"@type\":\"ReadAction\",\"target\":[\"https:\/\/yoopies.no\/c\/hvordan-fa-jobben\/\"]}]},{\"@type\":\"ImageObject\",\"inLanguage\":\"nb-NO\",\"@id\":\"https:\/\/yoopies.no\/c\/hvordan-fa-jobben\/#primaryimage\",\"url\":\"https:\/\/yoopies.no\/c\/wp-content\/uploads\/sites\/14\/2019\/10\/98279157cae479ce5e5ff58681380e1f7ba5c4fa-computer-1.jpg\",\"contentUrl\":\"https:\/\/yoopies.no\/c\/wp-content\/uploads\/sites\/14\/2019\/10\/98279157cae479ce5e5ff58681380e1f7ba5c4fa-computer-1.jpg\",\"width\":1200,\"height\":675},{\"@type\":\"BreadcrumbList\",\"@id\":\"https:\/\/yoopies.no\/c\/hvordan-fa-jobben\/#breadcrumb\",\"itemListElement\":[{\"@type\":\"ListItem\",\"position\":1,\"name\":\"Home\",\"item\":\"https:\/\/yoopies.no\/c\/\"},{\"@type\":\"ListItem\",\"position\":2,\"name\":\"Hvordan f\u00e5 jobben som barnevakt\"}]},{\"@type\":\"WebSite\",\"@id\":\"https:\/\/yoopies.no\/c\/#website\",\"url\":\"https:\/\/yoopies.no\/c\/\",\"name\":\"Yoopies Norge\",\"description\":\"\",\"potentialAction\":[{\"@type\":\"SearchAction\",\"target\":{\"@type\":\"EntryPoint\",\"urlTemplate\":\"https:\/\/yoopies.no\/c\/?s={search_term_string}\"},\"query-input\":{\"@type\":\"PropertyValueSpecification\",\"valueRequired\":true,\"valueName\":\"search_term_string\"}}],\"inLanguage\":\"nb-NO\"}]}<\/script>\n<!-- \/ Yoast SEO plugin. -->","yoast_head_json":{"title":"Tips til hvordan du kan f\u00e5 jobben som barnevakt","description":"Se hvordan noen enkle grep gj\u00f8r at du f\u00e5r jobben","robots":{"index":"index","follow":"follow","max-snippet":"max-snippet:-1","max-image-preview":"max-image-preview:large","max-video-preview":"max-video-preview:-1"},"canonical":"https:\/\/yoopies.no\/c\/hvordan-fa-jobben\/","og_locale":"nb_NO","og_type":"article","og_title":"Tips til hvordan du kan f\u00e5 jobben som barnevakt","og_description":"Se hvordan noen enkle grep gj\u00f8r at du f\u00e5r jobben","og_url":"https:\/\/yoopies.no\/c\/hvordan-fa-jobben\/","og_site_name":"Yoopies Norge","article_modified_time":"2025-06-12T08:49:42+00:00","og_image":[{"width":1200,"height":675,"url":"https:\/\/yoopies.no\/c\/wp-content\/uploads\/sites\/14\/2019\/10\/98279157cae479ce5e5ff58681380e1f7ba5c4fa-computer-1.jpg","type":"image\/jpeg"}],"twitter_card":"summary_large_image","twitter_misc":{"Ansl. lesetid":"2 minutter"},"schema":{"@context":"https:\/\/schema.org","@graph":[{"@type":"WebPage","@id":"https:\/\/yoopies.no\/c\/hvordan-fa-jobben\/","url":"https:\/\/yoopies.no\/c\/hvordan-fa-jobben\/","name":"Tips til hvordan du kan f\u00e5 jobben som barnevakt","isPartOf":{"@id":"https:\/\/yoopies.no\/c\/#website"},"primaryImageOfPage":{"@id":"https:\/\/yoopies.no\/c\/hvordan-fa-jobben\/#primaryimage"},"image":{"@id":"https:\/\/yoopies.no\/c\/hvordan-fa-jobben\/#primaryimage"},"thumbnailUrl":"https:\/\/yoopies.no\/c\/wp-content\/uploads\/sites\/14\/2019\/10\/98279157cae479ce5e5ff58681380e1f7ba5c4fa-computer-1.jpg","datePublished":"2019-10-07T14:27:21+00:00","dateModified":"2025-06-12T08:49:42+00:00","description":"Se hvordan noen enkle grep gj\u00f8r at du f\u00e5r jobben","breadcrumb":{"@id":"https:\/\/yoopies.no\/c\/hvordan-fa-jobben\/#breadcrumb"},"inLanguage":"nb-NO","potentialAction":[{"@type":"ReadAction","target":["https:\/\/yoopies.no\/c\/hvordan-fa-jobben\/"]}]},{"@type":"ImageObject","inLanguage":"nb-NO","@id":"https:\/\/yoopies.no\/c\/hvordan-fa-jobben\/#primaryimage","url":"https:\/\/yoopies.no\/c\/wp-content\/uploads\/sites\/14\/2019\/10\/98279157cae479ce5e5ff58681380e1f7ba5c4fa-computer-1.jpg","contentUrl":"https:\/\/yoopies.no\/c\/wp-content\/uploads\/sites\/14\/2019\/10\/98279157cae479ce5e5ff58681380e1f7ba5c4fa-computer-1.jpg","width":1200,"height":675},{"@type":"BreadcrumbList","@id":"https:\/\/yoopies.no\/c\/hvordan-fa-jobben\/#breadcrumb","itemListElement":[{"@type":"ListItem","position":1,"name":"Home","item":"https:\/\/yoopies.no\/c\/"},{"@type":"ListItem","position":2,"name":"Hvordan f\u00e5 jobben som barnevakt"}]},{"@type":"WebSite","@id":"https:\/\/yoopies.no\/c\/#website","url":"https:\/\/yoopies.no\/c\/","name":"Yoopies Norge","description":"","potentialAction":[{"@type":"SearchAction","target":{"@type":"EntryPoint","urlTemplate":"https:\/\/yoopies.no\/c\/?s={search_term_string}"},"query-input":{"@type":"PropertyValueSpecification","valueRequired":true,"valueName":"search_term_string"}}],"inLanguage":"nb-NO"}]}},"_links":{"self":[{"href":"https:\/\/yoopies.no\/c\/wp-json\/wp\/v2\/pages\/79","targetHints":{"allow":["GET"]}}],"collection":[{"href":"https:\/\/yoopies.no\/c\/wp-json\/wp\/v2\/pages"}],"about":[{"href":"https:\/\/yoopies.no\/c\/wp-json\/wp\/v2\/types\/page"}],"author":[{"embeddable":true,"href":"https:\/\/yoopies.no\/c\/wp-json\/wp\/v2\/users\/10"}],"replies":[{"embeddable":true,"href":"https:\/\/yoopies.no\/c\/wp-json\/wp\/v2\/comments?post=79"}],"version-history":[{"count":1,"href":"https:\/\/yoopies.no\/c\/wp-json\/wp\/v2\/pages\/79\/revisions"}],"predecessor-version":[{"id":82,"href":"https:\/\/yoopies.no\/c\/wp-json\/wp\/v2\/pages\/79\/revisions\/82"}],"wp:featuredmedia":[{"embeddable":true,"href":"https:\/\/yoopies.no\/c\/wp-json\/wp\/v2\/media\/81"}],"wp:attachment":[{"href":"https:\/\/yoopies.no\/c\/wp-json\/wp\/v2\/media?parent=79"}],"curies":[{"name":"wp","href":"https:\/\/api.w.org\/{rel}","templated":true}]}}