{"id":59,"date":"2019-09-05T14:09:15","date_gmt":"2019-09-05T14:09:15","guid":{"rendered":"https:\/\/blog.yoopies.no\/aktiviteter-med-barnevakt-pa-valgdagen\/"},"modified":"2025-06-12T08:49:42","modified_gmt":"2025-06-12T08:49:42","slug":"aktiviteter-med-barnevakt-pa-valgdagen","status":"publish","type":"page","link":"https:\/\/yoopies.no\/c\/aktiviteter-med-barnevakt-pa-valgdagen\/","title":{"rendered":"Barnevakt: 8 tips til aktiviteter Barnevakten kan gj\u00f8re med barna p\u00e5 Valgdagen"},"content":{"rendered":"<p><p>H&oslash;sten har meldt sin ankomst og den andre mandagen i september avholdes det kommunestyre -og fylkestingsvalg. De fleste grunnskoler holder stengt, og det er ikke sikkert din n&aelig;rmeste AKS er &aring;pen. Om ikke n&aelig;r familie kan stille opp kan man alltids finne barnevakter gjennom plattformer som<strong> <a href=\"https:\/\/www.yoopies.no\">Yoopies.<\/a><\/strong> Her er 8 tips til hva barna kan gj&oslash;re med barnevakten p&aring; Valgdagen!<\/p>\n<h2><\/h2>\n<\/p>\n<figure><img decoding=\"async\" src=\"https:\/\/yoopies.no\/c\/wp-content\/uploads\/sites\/14\/2019\/09\/b298dda9aeeb5293e706d3095ae2e72ef48cdeed-shutterstock-535152550-ld.jpg\" \/><figcaption>Barn og barnevakt<\/figcaption><\/figure>\n<p><h3>1. Dra p&aring; museum<\/h3>\n<p>&Aring; dra p&aring; museum er alltid en slager blant barna! De vil ha det g&oslash;y samtidig som de l&aelig;rer noe nytt! Selv barnevakten vil dra nytte av et museumsbes&oslash;k!\n<\/p>\n<h3>2. Plukke bl&aring;b&aelig;r<\/h3>\n<p>September er en fin tid &aring; ta med barna ut p&aring; tur, og du trenger ikke dra langt for &aring; finne bl&aring;b&aelig;r p&aring; denne tiden av &aring;ret. Gi barnevakten noen tips til omr&aring;der i n&aelig;rheten hvor det kan v&aelig;re mulig &aring; plukke noe. N&aring;r de kommer hjem kan de lage deilig bl&aring;b&aelig;rsyltet&oslash;y, bl&aring;b&aelig;rpai eller pannekaker. Nam!<\/p>\n<\/p>\n<h3>3. Bes&oslash;ke en g&aring;rd<\/h3>\n<p>Det finnes flere g&aring;rder som er &aring;pne for publikum hver dag! La barna hilse p&aring; kuer, griser, sauer og andre g&aring;rdsdyr, og kanskje vil det v&aelig;re mulig &aring; ri p&aring; hester! <\/p>\n<h3>\n4. Bak noe godt<\/h3>\n<p>&Aring; bake er alltid en hyggelig aktivitet, og barna elsker det! Kj&oslash;p inn det som trengs for &aring; lage boller, pannekaker eller kaker. Barna vil f&aring; en mestringsf&oslash;lelse, og premien vil v&aelig;re &aring; kose seg med det man har laget etterp&aring;!<\/p>\n<\/p>\n<h3>5. Dra p&aring; kino<\/h3>\n<p>H&oslash;sten kan v&aelig;re v&aring;t og kald, og hva er vel ikke bedre enn &aring; tilbringe dagen inne p&aring; kino. Gi barnevakten noen ekstra penger til godteri slik at de kan kose seg skikkelig (selvom det bare er mandag)!<\/p>\n<\/p>\n<h3>6. G&aring; tur i marka<\/h3>\n<p>Pakk ned termos, varme kl&aelig;r og forbered pinnebr&oslash;ddeig slik at barnevakten enkelt kan ta med barna ut i marka. Tenn b&aring;l og stek pinnebr&oslash;d i deilige, h&oslash;stvarme omgivelser. Sjekk p&aring; forh&aring;nd om det er lov &aring; tenne b&aring;l der de er, og at det ikke er for t&oslash;rt ute.  <\/p>\n<\/p>\n<h3>7. Male<\/h3>\n<p>&Aring; male er alltid g&oslash;y, men det er enda morsommere n&aring;r barna f&aring;r vise frem det de har malt. Kj&oslash;p inn tekstilmaling og mal p&aring; handlenett, gensere eller t-skjorter. I tillegg til at det er en morsom aktivitet kan det bli noen flotte gaver til familien!<\/p>\n<\/p>\n<h3>8. Bade<\/h3>\n<p>Om det ikke ble nok bading i sommerferien kan man alltids ta seg turen til et bad. Dra til et bad i n&aelig;rheten og tilbring dagen der! G&oslash;y for b&aring;de store og sm&aring;!<\/p>\n<\/p>\n<p><a class=\"button\" href=\"https:\/\/www.yoopies.no\/childcare\">FINN EN BARNEVAKT!<\/a><\/p>\n","protected":false},"excerpt":{"rendered":"<p>H&oslash;sten har meldt sin ankomst og den andre mandagen i september avholdes det kommunestyre -og &hellip; <\/p>\n","protected":false},"author":10,"featured_media":61,"parent":0,"menu_order":0,"comment_status":"closed","ping_status":"closed","template":"","meta":{"_acf_changed":false,"footnotes":""},"class_list":["post-59","page","type-page","status-publish","has-post-thumbnail","hentry"],"acf":[],"yoast_head":"<!-- This site is optimized with the Yoast SEO plugin v26.9 - https:\/\/yoast.com\/product\/yoast-seo-wordpress\/ -->\n<title>8 aktiviteter Barnevakten kan gj\u00f8re med barna p\u00e5 Valgdagen<\/title>\n<meta name=\"description\" content=\"Underhold barna n\u00e5r skole er stengt p\u00e5 valgdagen!\" \/>\n<meta name=\"robots\" content=\"index, follow, max-snippet:-1, max-image-preview:large, max-video-preview:-1\" \/>\n<link rel=\"canonical\" href=\"https:\/\/yoopies.no\/c\/aktiviteter-med-barnevakt-pa-valgdagen\/\" \/>\n<meta property=\"og:locale\" content=\"nb_NO\" \/>\n<meta property=\"og:type\" content=\"article\" \/>\n<meta property=\"og:title\" content=\"8 aktiviteter Barnevakten kan gj\u00f8re med barna p\u00e5 Valgdagen\" \/>\n<meta property=\"og:description\" content=\"Underhold barna n\u00e5r skole er stengt p\u00e5 valgdagen!\" \/>\n<meta property=\"og:url\" content=\"https:\/\/yoopies.no\/c\/aktiviteter-med-barnevakt-pa-valgdagen\/\" \/>\n<meta property=\"og:site_name\" content=\"Yoopies Norge\" \/>\n<meta property=\"article:modified_time\" content=\"2025-06-12T08:49:42+00:00\" \/>\n<meta property=\"og:image\" content=\"https:\/\/yoopies.no\/c\/wp-content\/uploads\/sites\/14\/2019\/09\/0da5a4ee68deba30e9725870f5844ad7533ca43d-shutterstock-535152550-ld.jpg\" \/>\n\t<meta property=\"og:image:width\" content=\"1200\" \/>\n\t<meta property=\"og:image:height\" content=\"800\" \/>\n\t<meta property=\"og:image:type\" content=\"image\/jpeg\" \/>\n<meta name=\"twitter:card\" content=\"summary_large_image\" \/>\n<meta name=\"twitter:label1\" content=\"Ansl. lesetid\" \/>\n\t<meta name=\"twitter:data1\" content=\"3 minutter\" \/>\n<script type=\"application\/ld+json\" class=\"yoast-schema-graph\">{\"@context\":\"https:\/\/schema.org\",\"@graph\":[{\"@type\":\"WebPage\",\"@id\":\"https:\/\/yoopies.no\/c\/aktiviteter-med-barnevakt-pa-valgdagen\/\",\"url\":\"https:\/\/yoopies.no\/c\/aktiviteter-med-barnevakt-pa-valgdagen\/\",\"name\":\"8 aktiviteter Barnevakten kan gj\u00f8re med barna p\u00e5 Valgdagen\",\"isPartOf\":{\"@id\":\"https:\/\/yoopies.no\/c\/#website\"},\"primaryImageOfPage\":{\"@id\":\"https:\/\/yoopies.no\/c\/aktiviteter-med-barnevakt-pa-valgdagen\/#primaryimage\"},\"image\":{\"@id\":\"https:\/\/yoopies.no\/c\/aktiviteter-med-barnevakt-pa-valgdagen\/#primaryimage\"},\"thumbnailUrl\":\"https:\/\/yoopies.no\/c\/wp-content\/uploads\/sites\/14\/2019\/09\/0da5a4ee68deba30e9725870f5844ad7533ca43d-shutterstock-535152550-ld.jpg\",\"datePublished\":\"2019-09-05T14:09:15+00:00\",\"dateModified\":\"2025-06-12T08:49:42+00:00\",\"description\":\"Underhold barna n\u00e5r skole er stengt p\u00e5 valgdagen!\",\"breadcrumb\":{\"@id\":\"https:\/\/yoopies.no\/c\/aktiviteter-med-barnevakt-pa-valgdagen\/#breadcrumb\"},\"inLanguage\":\"nb-NO\",\"potentialAction\":[{\"@type\":\"ReadAction\",\"target\":[\"https:\/\/yoopies.no\/c\/aktiviteter-med-barnevakt-pa-valgdagen\/\"]}]},{\"@type\":\"ImageObject\",\"inLanguage\":\"nb-NO\",\"@id\":\"https:\/\/yoopies.no\/c\/aktiviteter-med-barnevakt-pa-valgdagen\/#primaryimage\",\"url\":\"https:\/\/yoopies.no\/c\/wp-content\/uploads\/sites\/14\/2019\/09\/0da5a4ee68deba30e9725870f5844ad7533ca43d-shutterstock-535152550-ld.jpg\",\"contentUrl\":\"https:\/\/yoopies.no\/c\/wp-content\/uploads\/sites\/14\/2019\/09\/0da5a4ee68deba30e9725870f5844ad7533ca43d-shutterstock-535152550-ld.jpg\",\"width\":1200,\"height\":800},{\"@type\":\"BreadcrumbList\",\"@id\":\"https:\/\/yoopies.no\/c\/aktiviteter-med-barnevakt-pa-valgdagen\/#breadcrumb\",\"itemListElement\":[{\"@type\":\"ListItem\",\"position\":1,\"name\":\"Home\",\"item\":\"https:\/\/yoopies.no\/c\/\"},{\"@type\":\"ListItem\",\"position\":2,\"name\":\"Barnevakt: 8 tips til aktiviteter Barnevakten kan gj\u00f8re med barna p\u00e5 Valgdagen\"}]},{\"@type\":\"WebSite\",\"@id\":\"https:\/\/yoopies.no\/c\/#website\",\"url\":\"https:\/\/yoopies.no\/c\/\",\"name\":\"Yoopies Norge\",\"description\":\"\",\"potentialAction\":[{\"@type\":\"SearchAction\",\"target\":{\"@type\":\"EntryPoint\",\"urlTemplate\":\"https:\/\/yoopies.no\/c\/?s={search_term_string}\"},\"query-input\":{\"@type\":\"PropertyValueSpecification\",\"valueRequired\":true,\"valueName\":\"search_term_string\"}}],\"inLanguage\":\"nb-NO\"}]}<\/script>\n<!-- \/ Yoast SEO plugin. -->","yoast_head_json":{"title":"8 aktiviteter Barnevakten kan gj\u00f8re med barna p\u00e5 Valgdagen","description":"Underhold barna n\u00e5r skole er stengt p\u00e5 valgdagen!","robots":{"index":"index","follow":"follow","max-snippet":"max-snippet:-1","max-image-preview":"max-image-preview:large","max-video-preview":"max-video-preview:-1"},"canonical":"https:\/\/yoopies.no\/c\/aktiviteter-med-barnevakt-pa-valgdagen\/","og_locale":"nb_NO","og_type":"article","og_title":"8 aktiviteter Barnevakten kan gj\u00f8re med barna p\u00e5 Valgdagen","og_description":"Underhold barna n\u00e5r skole er stengt p\u00e5 valgdagen!","og_url":"https:\/\/yoopies.no\/c\/aktiviteter-med-barnevakt-pa-valgdagen\/","og_site_name":"Yoopies Norge","article_modified_time":"2025-06-12T08:49:42+00:00","og_image":[{"width":1200,"height":800,"url":"https:\/\/yoopies.no\/c\/wp-content\/uploads\/sites\/14\/2019\/09\/0da5a4ee68deba30e9725870f5844ad7533ca43d-shutterstock-535152550-ld.jpg","type":"image\/jpeg"}],"twitter_card":"summary_large_image","twitter_misc":{"Ansl. lesetid":"3 minutter"},"schema":{"@context":"https:\/\/schema.org","@graph":[{"@type":"WebPage","@id":"https:\/\/yoopies.no\/c\/aktiviteter-med-barnevakt-pa-valgdagen\/","url":"https:\/\/yoopies.no\/c\/aktiviteter-med-barnevakt-pa-valgdagen\/","name":"8 aktiviteter Barnevakten kan gj\u00f8re med barna p\u00e5 Valgdagen","isPartOf":{"@id":"https:\/\/yoopies.no\/c\/#website"},"primaryImageOfPage":{"@id":"https:\/\/yoopies.no\/c\/aktiviteter-med-barnevakt-pa-valgdagen\/#primaryimage"},"image":{"@id":"https:\/\/yoopies.no\/c\/aktiviteter-med-barnevakt-pa-valgdagen\/#primaryimage"},"thumbnailUrl":"https:\/\/yoopies.no\/c\/wp-content\/uploads\/sites\/14\/2019\/09\/0da5a4ee68deba30e9725870f5844ad7533ca43d-shutterstock-535152550-ld.jpg","datePublished":"2019-09-05T14:09:15+00:00","dateModified":"2025-06-12T08:49:42+00:00","description":"Underhold barna n\u00e5r skole er stengt p\u00e5 valgdagen!","breadcrumb":{"@id":"https:\/\/yoopies.no\/c\/aktiviteter-med-barnevakt-pa-valgdagen\/#breadcrumb"},"inLanguage":"nb-NO","potentialAction":[{"@type":"ReadAction","target":["https:\/\/yoopies.no\/c\/aktiviteter-med-barnevakt-pa-valgdagen\/"]}]},{"@type":"ImageObject","inLanguage":"nb-NO","@id":"https:\/\/yoopies.no\/c\/aktiviteter-med-barnevakt-pa-valgdagen\/#primaryimage","url":"https:\/\/yoopies.no\/c\/wp-content\/uploads\/sites\/14\/2019\/09\/0da5a4ee68deba30e9725870f5844ad7533ca43d-shutterstock-535152550-ld.jpg","contentUrl":"https:\/\/yoopies.no\/c\/wp-content\/uploads\/sites\/14\/2019\/09\/0da5a4ee68deba30e9725870f5844ad7533ca43d-shutterstock-535152550-ld.jpg","width":1200,"height":800},{"@type":"BreadcrumbList","@id":"https:\/\/yoopies.no\/c\/aktiviteter-med-barnevakt-pa-valgdagen\/#breadcrumb","itemListElement":[{"@type":"ListItem","position":1,"name":"Home","item":"https:\/\/yoopies.no\/c\/"},{"@type":"ListItem","position":2,"name":"Barnevakt: 8 tips til aktiviteter Barnevakten kan gj\u00f8re med barna p\u00e5 Valgdagen"}]},{"@type":"WebSite","@id":"https:\/\/yoopies.no\/c\/#website","url":"https:\/\/yoopies.no\/c\/","name":"Yoopies Norge","description":"","potentialAction":[{"@type":"SearchAction","target":{"@type":"EntryPoint","urlTemplate":"https:\/\/yoopies.no\/c\/?s={search_term_string}"},"query-input":{"@type":"PropertyValueSpecification","valueRequired":true,"valueName":"search_term_string"}}],"inLanguage":"nb-NO"}]}},"_links":{"self":[{"href":"https:\/\/yoopies.no\/c\/wp-json\/wp\/v2\/pages\/59","targetHints":{"allow":["GET"]}}],"collection":[{"href":"https:\/\/yoopies.no\/c\/wp-json\/wp\/v2\/pages"}],"about":[{"href":"https:\/\/yoopies.no\/c\/wp-json\/wp\/v2\/types\/page"}],"author":[{"embeddable":true,"href":"https:\/\/yoopies.no\/c\/wp-json\/wp\/v2\/users\/10"}],"replies":[{"embeddable":true,"href":"https:\/\/yoopies.no\/c\/wp-json\/wp\/v2\/comments?post=59"}],"version-history":[{"count":1,"href":"https:\/\/yoopies.no\/c\/wp-json\/wp\/v2\/pages\/59\/revisions"}],"predecessor-version":[{"id":62,"href":"https:\/\/yoopies.no\/c\/wp-json\/wp\/v2\/pages\/59\/revisions\/62"}],"wp:featuredmedia":[{"embeddable":true,"href":"https:\/\/yoopies.no\/c\/wp-json\/wp\/v2\/media\/61"}],"wp:attachment":[{"href":"https:\/\/yoopies.no\/c\/wp-json\/wp\/v2\/media?parent=59"}],"curies":[{"name":"wp","href":"https:\/\/api.w.org\/{rel}","templated":true}]}}