{"id":55,"date":"2019-10-15T16:09:15","date_gmt":"2019-10-15T16:09:15","guid":{"rendered":"https:\/\/blog.yoopies.no\/penger-til-barnepass\/"},"modified":"2025-06-12T08:49:43","modified_gmt":"2025-06-12T08:49:43","slug":"penger-til-barnepass","status":"publish","type":"page","link":"https:\/\/yoopies.no\/c\/penger-til-barnepass\/","title":{"rendered":"St\u00f8nad fra Staten: F\u00e5 Hjelp Til \u00e5 Betale For Barnepass"},"content":{"rendered":"<p><p>N&aring;r man blir st&aring;ende igjen uten barnehageplass kan det v&aelig;re vanskelig &aring; finne en god l&oslash;sning p&aring; problemet. Det finnes mange grunner til at foreldre ikke har barna i barnehage &#8211; fra ingen ledige barnehageplasser, til at fristen for &aring; s&oslash;ke har g&aring;tt dem hus forbi. Hos <strong><a href=\"https:\/\/yoopies.no\/childcare\">Yoopies<\/a><\/strong> finner man p&aring;litelig barnepass raskt, og det kan v&aelig;re en redning for mange. Her er noen tips til hvordan man kan finansiere barnepass i perioder man ikke har barnehageplass.<\/p>\n<\/p>\n<figure><img decoding=\"async\" src=\"https:\/\/yoopies.no\/c\/wp-content\/uploads\/sites\/14\/2019\/10\/237fca5a690020821fdc7dd59737ea26f9e12825-dagmamma-med-barn.jpg\" \/><figcaption>Dagmamma <\/figcaption><\/figure>\n<p><h3><strong>Kontantst&oslash;tte<\/strong><\/h3>\n<p>Har man har barn mellom 1 og 2 &aring;r og velger &aring; ikke ha de i barnehage med offentlig tilskudd kan man f&aring; 100% kontantst&oslash;tte. Dersom barnet har deltidsplass kan man f&aring; utbetalt mellom 20%-80% avhengig av hvor mange timer barnet g&aring;r i barnehagen. Kontantst&oslash;tte f&aring;r man utbetalt kun i perioden fra barnet fyller 13 m&aring;neder til 23 m&aring;neder, alts&aring; 11 m&aring;neder etter at perioden for foreldrepenger er over. Har barnet ditt fulltidsplass i barnehagen, men du velger &aring; ikke ha barnet der hele tiden vil du ikke ha krav p&aring; kontantst&oslash;tte. \n<\/p>\n<h3><strong>St&oslash;nad til Aleneforeldre<\/strong><\/h3>\n<p>Er du alene om omsorgen for barn kan du f&aring; st&oslash;nad til barnetilsyn av barnet n&aring;r du er p&aring; jobb. Det er noen vilk&aring;r som m&aring; fylles for &aring; ha rett til st&oslash;nad som alenemor eller far, som blant annet at forelder og barn m&aring; ha v&aelig;rt medlem av folketrygden de siste tre &aring;rene, forelder og barn m&aring; oppholde seg i Norge, forelder m&aring; v&aelig;re ugift, skilt eller separert, og at forelder m&aring; v&aelig;re alene om omsorgen for barnet. Vilk&aring;ret for &aring; f&aring; st&oslash;nad er at barnet m&aring; overlates til noen andre, som barnehage, SFO eller dagmamma fordi forelder jobber eller etablerer egen virksomhet. St&oslash;naden kan du f&aring; frem til barnet har fullf&oslash;rt sitt 4. Skole&aring;r. Maksbel&oslash;p for barn er p&aring; 3 977 kr per m&aring;ned. <\/p>\n<\/p>\n<h3><strong>Alle Foreldre<\/strong><\/h3>\n<p>For foreldre som deltar p&aring; arbeidsrettede aktiviteter eller utredning kan man f&aring; st&oslash;nad til pass av barn. Om begge foreldre deltar er det kun &eacute;n av dem som kan f&aring; st&oslash;nad. Disse pengene kan da brukes p&aring; for eksempel en barnevakt, som man enkelt finner p&aring; <strong><a href=\"https:\/\/yoopies.no\/childcare\">Yoopies<\/a><\/strong>.&nbsp;&nbsp;<\/p>\n<p>\n<em>Finn ut hvilke muligheter du har til &aring; f&aring; st&oslash;nad p&aring; nav.no, og finn en barnepasser som er perfekt for deg og din familie p&aring; <strong><a href=\"https:\/\/yoopies.no\/childcare\">Yoopies.<\/a><\/strong><\/em><\/p>\n<\/p>\n<p><a class=\"button\" href=\"https:\/\/yoopies.no\/childcare\">FINN BARNEVAKT ELLER DAGMAMMA!<\/a><\/p>\n","protected":false},"excerpt":{"rendered":"<p>N&aring;r man blir st&aring;ende igjen uten barnehageplass kan det v&aelig;re vanskelig &aring; finne en god &hellip; <\/p>\n","protected":false},"author":10,"featured_media":57,"parent":0,"menu_order":0,"comment_status":"closed","ping_status":"closed","template":"","meta":{"_acf_changed":false,"footnotes":""},"class_list":["post-55","page","type-page","status-publish","has-post-thumbnail","hentry"],"acf":[],"yoast_head":"<!-- This site is optimized with the Yoast SEO plugin v26.9 - https:\/\/yoast.com\/product\/yoast-seo-wordpress\/ -->\n<title>St\u00f8nad fra Staten: F\u00e5 Hjelp Til \u00c5 Betale For Barnepass<\/title>\n<meta name=\"description\" content=\"N\u00e5r man ikke har barnehageplass kan det v\u00e6re vanskelig \u00e5 finne noen som kan stille opp. Fra staten kan du f\u00e5 st\u00f8tte til \u00e5 betale for barnevakt eller dagmamma. Dette har du krav p\u00e5.\" \/>\n<meta name=\"robots\" content=\"index, follow, max-snippet:-1, max-image-preview:large, max-video-preview:-1\" \/>\n<link rel=\"canonical\" href=\"https:\/\/yoopies.no\/c\/penger-til-barnepass\/\" \/>\n<meta property=\"og:locale\" content=\"nb_NO\" \/>\n<meta property=\"og:type\" content=\"article\" \/>\n<meta property=\"og:title\" content=\"St\u00f8nad fra Staten: F\u00e5 Hjelp Til \u00c5 Betale For Barnepass\" \/>\n<meta property=\"og:description\" content=\"N\u00e5r man ikke har barnehageplass kan det v\u00e6re vanskelig \u00e5 finne noen som kan stille opp. Fra staten kan du f\u00e5 st\u00f8tte til \u00e5 betale for barnevakt eller dagmamma. Dette har du krav p\u00e5.\" \/>\n<meta property=\"og:url\" content=\"https:\/\/yoopies.no\/c\/penger-til-barnepass\/\" \/>\n<meta property=\"og:site_name\" content=\"Yoopies Norge\" \/>\n<meta property=\"article:modified_time\" content=\"2025-06-12T08:49:43+00:00\" \/>\n<meta property=\"og:image\" content=\"https:\/\/yoopies.no\/c\/wp-content\/uploads\/sites\/14\/2019\/10\/33bf38c2c3679c77db2286f72ad07d1d98da1984-dagmamma-med-barn.jpg\" \/>\n\t<meta property=\"og:image:width\" content=\"1200\" \/>\n\t<meta property=\"og:image:height\" content=\"800\" \/>\n\t<meta property=\"og:image:type\" content=\"image\/jpeg\" \/>\n<meta name=\"twitter:card\" content=\"summary_large_image\" \/>\n<meta name=\"twitter:label1\" content=\"Ansl. lesetid\" \/>\n\t<meta name=\"twitter:data1\" content=\"2 minutter\" \/>\n<script type=\"application\/ld+json\" class=\"yoast-schema-graph\">{\"@context\":\"https:\/\/schema.org\",\"@graph\":[{\"@type\":\"WebPage\",\"@id\":\"https:\/\/yoopies.no\/c\/penger-til-barnepass\/\",\"url\":\"https:\/\/yoopies.no\/c\/penger-til-barnepass\/\",\"name\":\"St\u00f8nad fra Staten: F\u00e5 Hjelp Til \u00c5 Betale For Barnepass\",\"isPartOf\":{\"@id\":\"https:\/\/yoopies.no\/c\/#website\"},\"primaryImageOfPage\":{\"@id\":\"https:\/\/yoopies.no\/c\/penger-til-barnepass\/#primaryimage\"},\"image\":{\"@id\":\"https:\/\/yoopies.no\/c\/penger-til-barnepass\/#primaryimage\"},\"thumbnailUrl\":\"https:\/\/yoopies.no\/c\/wp-content\/uploads\/sites\/14\/2019\/10\/33bf38c2c3679c77db2286f72ad07d1d98da1984-dagmamma-med-barn.jpg\",\"datePublished\":\"2019-10-15T16:09:15+00:00\",\"dateModified\":\"2025-06-12T08:49:43+00:00\",\"description\":\"N\u00e5r man ikke har barnehageplass kan det v\u00e6re vanskelig \u00e5 finne noen som kan stille opp. Fra staten kan du f\u00e5 st\u00f8tte til \u00e5 betale for barnevakt eller dagmamma. Dette har du krav p\u00e5.\",\"breadcrumb\":{\"@id\":\"https:\/\/yoopies.no\/c\/penger-til-barnepass\/#breadcrumb\"},\"inLanguage\":\"nb-NO\",\"potentialAction\":[{\"@type\":\"ReadAction\",\"target\":[\"https:\/\/yoopies.no\/c\/penger-til-barnepass\/\"]}]},{\"@type\":\"ImageObject\",\"inLanguage\":\"nb-NO\",\"@id\":\"https:\/\/yoopies.no\/c\/penger-til-barnepass\/#primaryimage\",\"url\":\"https:\/\/yoopies.no\/c\/wp-content\/uploads\/sites\/14\/2019\/10\/33bf38c2c3679c77db2286f72ad07d1d98da1984-dagmamma-med-barn.jpg\",\"contentUrl\":\"https:\/\/yoopies.no\/c\/wp-content\/uploads\/sites\/14\/2019\/10\/33bf38c2c3679c77db2286f72ad07d1d98da1984-dagmamma-med-barn.jpg\",\"width\":1200,\"height\":800},{\"@type\":\"BreadcrumbList\",\"@id\":\"https:\/\/yoopies.no\/c\/penger-til-barnepass\/#breadcrumb\",\"itemListElement\":[{\"@type\":\"ListItem\",\"position\":1,\"name\":\"Home\",\"item\":\"https:\/\/yoopies.no\/c\/\"},{\"@type\":\"ListItem\",\"position\":2,\"name\":\"St\u00f8nad fra Staten: F\u00e5 Hjelp Til \u00e5 Betale For Barnepass\"}]},{\"@type\":\"WebSite\",\"@id\":\"https:\/\/yoopies.no\/c\/#website\",\"url\":\"https:\/\/yoopies.no\/c\/\",\"name\":\"Yoopies Norge\",\"description\":\"\",\"potentialAction\":[{\"@type\":\"SearchAction\",\"target\":{\"@type\":\"EntryPoint\",\"urlTemplate\":\"https:\/\/yoopies.no\/c\/?s={search_term_string}\"},\"query-input\":{\"@type\":\"PropertyValueSpecification\",\"valueRequired\":true,\"valueName\":\"search_term_string\"}}],\"inLanguage\":\"nb-NO\"}]}<\/script>\n<!-- \/ Yoast SEO plugin. -->","yoast_head_json":{"title":"St\u00f8nad fra Staten: F\u00e5 Hjelp Til \u00c5 Betale For Barnepass","description":"N\u00e5r man ikke har barnehageplass kan det v\u00e6re vanskelig \u00e5 finne noen som kan stille opp. Fra staten kan du f\u00e5 st\u00f8tte til \u00e5 betale for barnevakt eller dagmamma. Dette har du krav p\u00e5.","robots":{"index":"index","follow":"follow","max-snippet":"max-snippet:-1","max-image-preview":"max-image-preview:large","max-video-preview":"max-video-preview:-1"},"canonical":"https:\/\/yoopies.no\/c\/penger-til-barnepass\/","og_locale":"nb_NO","og_type":"article","og_title":"St\u00f8nad fra Staten: F\u00e5 Hjelp Til \u00c5 Betale For Barnepass","og_description":"N\u00e5r man ikke har barnehageplass kan det v\u00e6re vanskelig \u00e5 finne noen som kan stille opp. Fra staten kan du f\u00e5 st\u00f8tte til \u00e5 betale for barnevakt eller dagmamma. Dette har du krav p\u00e5.","og_url":"https:\/\/yoopies.no\/c\/penger-til-barnepass\/","og_site_name":"Yoopies Norge","article_modified_time":"2025-06-12T08:49:43+00:00","og_image":[{"width":1200,"height":800,"url":"https:\/\/yoopies.no\/c\/wp-content\/uploads\/sites\/14\/2019\/10\/33bf38c2c3679c77db2286f72ad07d1d98da1984-dagmamma-med-barn.jpg","type":"image\/jpeg"}],"twitter_card":"summary_large_image","twitter_misc":{"Ansl. lesetid":"2 minutter"},"schema":{"@context":"https:\/\/schema.org","@graph":[{"@type":"WebPage","@id":"https:\/\/yoopies.no\/c\/penger-til-barnepass\/","url":"https:\/\/yoopies.no\/c\/penger-til-barnepass\/","name":"St\u00f8nad fra Staten: F\u00e5 Hjelp Til \u00c5 Betale For Barnepass","isPartOf":{"@id":"https:\/\/yoopies.no\/c\/#website"},"primaryImageOfPage":{"@id":"https:\/\/yoopies.no\/c\/penger-til-barnepass\/#primaryimage"},"image":{"@id":"https:\/\/yoopies.no\/c\/penger-til-barnepass\/#primaryimage"},"thumbnailUrl":"https:\/\/yoopies.no\/c\/wp-content\/uploads\/sites\/14\/2019\/10\/33bf38c2c3679c77db2286f72ad07d1d98da1984-dagmamma-med-barn.jpg","datePublished":"2019-10-15T16:09:15+00:00","dateModified":"2025-06-12T08:49:43+00:00","description":"N\u00e5r man ikke har barnehageplass kan det v\u00e6re vanskelig \u00e5 finne noen som kan stille opp. Fra staten kan du f\u00e5 st\u00f8tte til \u00e5 betale for barnevakt eller dagmamma. Dette har du krav p\u00e5.","breadcrumb":{"@id":"https:\/\/yoopies.no\/c\/penger-til-barnepass\/#breadcrumb"},"inLanguage":"nb-NO","potentialAction":[{"@type":"ReadAction","target":["https:\/\/yoopies.no\/c\/penger-til-barnepass\/"]}]},{"@type":"ImageObject","inLanguage":"nb-NO","@id":"https:\/\/yoopies.no\/c\/penger-til-barnepass\/#primaryimage","url":"https:\/\/yoopies.no\/c\/wp-content\/uploads\/sites\/14\/2019\/10\/33bf38c2c3679c77db2286f72ad07d1d98da1984-dagmamma-med-barn.jpg","contentUrl":"https:\/\/yoopies.no\/c\/wp-content\/uploads\/sites\/14\/2019\/10\/33bf38c2c3679c77db2286f72ad07d1d98da1984-dagmamma-med-barn.jpg","width":1200,"height":800},{"@type":"BreadcrumbList","@id":"https:\/\/yoopies.no\/c\/penger-til-barnepass\/#breadcrumb","itemListElement":[{"@type":"ListItem","position":1,"name":"Home","item":"https:\/\/yoopies.no\/c\/"},{"@type":"ListItem","position":2,"name":"St\u00f8nad fra Staten: F\u00e5 Hjelp Til \u00e5 Betale For Barnepass"}]},{"@type":"WebSite","@id":"https:\/\/yoopies.no\/c\/#website","url":"https:\/\/yoopies.no\/c\/","name":"Yoopies Norge","description":"","potentialAction":[{"@type":"SearchAction","target":{"@type":"EntryPoint","urlTemplate":"https:\/\/yoopies.no\/c\/?s={search_term_string}"},"query-input":{"@type":"PropertyValueSpecification","valueRequired":true,"valueName":"search_term_string"}}],"inLanguage":"nb-NO"}]}},"_links":{"self":[{"href":"https:\/\/yoopies.no\/c\/wp-json\/wp\/v2\/pages\/55","targetHints":{"allow":["GET"]}}],"collection":[{"href":"https:\/\/yoopies.no\/c\/wp-json\/wp\/v2\/pages"}],"about":[{"href":"https:\/\/yoopies.no\/c\/wp-json\/wp\/v2\/types\/page"}],"author":[{"embeddable":true,"href":"https:\/\/yoopies.no\/c\/wp-json\/wp\/v2\/users\/10"}],"replies":[{"embeddable":true,"href":"https:\/\/yoopies.no\/c\/wp-json\/wp\/v2\/comments?post=55"}],"version-history":[{"count":1,"href":"https:\/\/yoopies.no\/c\/wp-json\/wp\/v2\/pages\/55\/revisions"}],"predecessor-version":[{"id":58,"href":"https:\/\/yoopies.no\/c\/wp-json\/wp\/v2\/pages\/55\/revisions\/58"}],"wp:featuredmedia":[{"embeddable":true,"href":"https:\/\/yoopies.no\/c\/wp-json\/wp\/v2\/media\/57"}],"wp:attachment":[{"href":"https:\/\/yoopies.no\/c\/wp-json\/wp\/v2\/media?parent=55"}],"curies":[{"name":"wp","href":"https:\/\/api.w.org\/{rel}","templated":true}]}}