{"id":12,"date":"2019-10-23T10:22:52","date_gmt":"2019-10-23T10:22:52","guid":{"rendered":"https:\/\/blog.yoopies.no\/hvordan-lage-vaskemidler-selv\/"},"modified":"2025-06-12T08:49:42","modified_gmt":"2025-06-12T08:49:42","slug":"hvordan-lage-vaskemidler-selv","status":"publish","type":"page","link":"https:\/\/yoopies.no\/c\/hvordan-lage-vaskemidler-selv\/","title":{"rendered":"Hvordan vaske huset og redde planeten samtidig!"},"content":{"rendered":"<p><p>Mindre plast, mer gjenbruk og naturlige produkter. Vi har alle et ansvar overfor planeten v&aring;r, og noen sm&aring; tiltak hjelper mye om vi alle bidrar!<br \/>\nHer er noen tips fra<a href=\"https:\/\/yoopies.no\"> Yoopies <\/a>til hvordan du kan vaske hjemmet ditt med milj&oslash;vennlige produkter som du lager helt selv! Ikke bare bidrar du til mindre utslipp, men du sparer ogs&aring; penger!<\/p>\n<\/p>\n<figure><img decoding=\"async\" src=\"https:\/\/yoopies.no\/c\/wp-content\/uploads\/sites\/14\/2019\/10\/1233be929e8792e31aaf4bbff2d923836aaa591d-untitled-design-5.jpg\" \/><figcaption>Naturlige vaskemidler klart til rengj\u00f8ring<\/figcaption><\/figure>\n<p><p>F&oslash;rst en liste over hovedingrediensene du vil trenge. Du kan f&aring; tak i f&oslash;lgende p&aring; matbutikken og i helsekostforretninger, og du vil med disse kunne lage alle vaskemidlene du trenger til &aring; rengj&oslash;re hjemmet ditt:<\/p>\n<\/p>\n<ul>\n<li><em>Eddik<\/em><\/li>\n<li><em>Bakepulver<\/em><\/li>\n<li><em>Castile-s&aring;pe<\/em><\/li>\n<li><em>Glyserin<\/em><\/li>\n<li><em>Sitron<\/em><\/li>\n<li><em>Eteriske oljer <\/em><\/li>\n<li><em>Lavendel, timian eller andre friske urter du liker godt<\/em><\/li>\n<li><em>Sprayflasker i glass og Norgesglass<\/em><\/li>\n<li><em>Vann<\/em><\/li>\n<li><em>Gjenbrukbare kluter og mopper<\/em><\/li>\n<\/ul>\n<p><h3><strong>1. Oppvasks&aring;pe<\/strong><\/h3>\n<p>For &aring; kunne lage oppvasks&aring;pe vil du trenge f&oslash;lgende: <\/p>\n<ul>\n<li>2 spiseskjeer eddik<\/li>\n<li>2 teskjeer glyserin<\/li>\n<li>3 spiseskjeer Castel-s&aring;pe<\/li>\n<li>Sitron<\/li>\n<li>10 dr&aring;per eteriske oljer<\/li>\n<li>Varmt vann<\/li>\n<\/ul>\n<p>Bland sammen alle ingrediensene og hell det over i en sprayflaske. Det er virkelig s&aring; enkelt! Castile-s&aring;pe er 100% naturlig og kan brukes til b&aring;de hus, h&aring;r og kropp. De eteriske oljene velger du selv ut i fra hvilken duft du foretrekker at s&aring;pen skal ha. <\/p>\n<\/p>\n<h3><strong>2. Vindusspray <\/strong><\/h3>\n<p>For &aring; f&aring; vinduene til &aring; skinne, uten skjolder, vil du trenge f&oslash;lgende ingrediensene:<\/p>\n<ul>\n<li>2 spiseskjeer eddik<\/li>\n<li>5 dl varmt vann<\/li>\n<\/ul>\n<p>Det kan virkelig ikke bli enklere! Bland eddik og vann og hell det over i en sprayflaske. Om du synes lukten av eddik blir for mye kan legge opp i litt lavendel eller timian, og la det st&aring; over natten. <\/p>\n<h3><strong><br \/>\n3. Allrengj&oslash;ring<\/strong><\/h3>\n<p>F&aring; skinnende rene overflater i hele huset med denne allrengj&oslash;rings-sprayen:<\/p>\n<ul>\n<li>1 spiseskje bakepulver<\/li>\n<li>2 spiseskjeer eddik<\/li>\n<li>1\/2 sitron<\/li>\n<li>1 liter varmt vann<\/li>\n<\/ul>\n<p>Hell det over i en sprayflaske og start rengj&oslash;ringen! Om du &oslash;nsker en god lukt kan du som alltid dryppe i noen eteriske oljer. <\/p>\n<h3><strong><br \/>\n4. Gulvs&aring;pe for parkett<\/strong><\/h3>\n<p>For &aring; ikke skade parketten kan du bruke denne blandingen<\/p>\n<ul>\n<li>2 teskjeer Castel-s&aring;pe<\/li>\n<li>1 L varmt vann<\/li>\n<li>10 dr&aring;per av dine foretrukne eteriske oljer for godt duft<\/li>\n<\/ul>\n<p>Bland sammen ingrediensene i en b&oslash;tte og pr&oslash;v ut s&aring;pen et sted p&aring; gulvet du vanligvis ikke ser s&aring; godt.  Da kan du v&aelig;re sikker p&aring; at blandingen ikke skader parketten f&oslash;r du bruker den over hele huset. Om du ikke vasker selv, husk &aring; si i fra til vaskehjelpen din. <\/p>\n<\/p>\n<p><p><em>Enten du vasker huset selv, eller benytter deg av en vaskehjelp, vil du med god samvittighet kunne vite at huset blir rent!<br \/>\nP&aring; <a href=\"https:\/\/yoopies.no\">Yoopies <\/a>vil du kunne finne en rengj&oslash;ringshjelp som passer for deg og din familie!<\/em><\/p>\n<\/p>\n<p><a class=\"button\" href=\"https:\/\/yoopies.no\/cleaning-services\">Finn den perfekte vaskehjelpen i dag!<\/a><\/p>\n","protected":false},"excerpt":{"rendered":"<p>Mindre plast, mer gjenbruk og naturlige produkter. Vi har alle et ansvar overfor planeten v&aring;r, &hellip; <\/p>\n","protected":false},"author":10,"featured_media":14,"parent":0,"menu_order":0,"comment_status":"closed","ping_status":"closed","template":"","meta":{"_acf_changed":false,"footnotes":""},"class_list":["post-12","page","type-page","status-publish","has-post-thumbnail","hentry"],"acf":[],"yoast_head":"<!-- This site is optimized with the Yoast SEO plugin v26.9 - https:\/\/yoast.com\/product\/yoast-seo-wordpress\/ -->\n<title>Spar penger og redd planeten samtidig n\u00e5r du vasker<\/title>\n<meta name=\"description\" content=\"Ved \u00e5 lage egne vaskemidler kan du v\u00e6re sikker p\u00e5 at du vet hva som er i dem. Lag det til neste gang vaskehjelpen din kommer for \u00e5 vaske ned huset. Du vil merke en stor forskjell!\" \/>\n<meta name=\"robots\" content=\"index, follow, max-snippet:-1, max-image-preview:large, max-video-preview:-1\" \/>\n<link rel=\"canonical\" href=\"https:\/\/yoopies.no\/c\/hvordan-lage-vaskemidler-selv\/\" \/>\n<meta property=\"og:locale\" content=\"nb_NO\" \/>\n<meta property=\"og:type\" content=\"article\" \/>\n<meta property=\"og:title\" content=\"Spar penger og redd planeten samtidig n\u00e5r du vasker\" \/>\n<meta property=\"og:description\" content=\"Ved \u00e5 lage egne vaskemidler kan du v\u00e6re sikker p\u00e5 at du vet hva som er i dem. Lag det til neste gang vaskehjelpen din kommer for \u00e5 vaske ned huset. Du vil merke en stor forskjell!\" \/>\n<meta property=\"og:url\" content=\"https:\/\/yoopies.no\/c\/hvordan-lage-vaskemidler-selv\/\" \/>\n<meta property=\"og:site_name\" content=\"Yoopies Norge\" \/>\n<meta property=\"article:modified_time\" content=\"2025-06-12T08:49:42+00:00\" \/>\n<meta property=\"og:image\" content=\"https:\/\/yoopies.no\/c\/wp-content\/uploads\/sites\/14\/2019\/10\/ef4ecaf7d3892f4be04fa21c53493126dc93ca55-untitled-design-5.jpg\" \/>\n\t<meta property=\"og:image:width\" content=\"1200\" \/>\n\t<meta property=\"og:image:height\" content=\"675\" \/>\n\t<meta property=\"og:image:type\" content=\"image\/jpeg\" \/>\n<meta name=\"twitter:card\" content=\"summary_large_image\" \/>\n<meta name=\"twitter:label1\" content=\"Ansl. lesetid\" \/>\n\t<meta name=\"twitter:data1\" content=\"2 minutter\" \/>\n<script type=\"application\/ld+json\" class=\"yoast-schema-graph\">{\"@context\":\"https:\/\/schema.org\",\"@graph\":[{\"@type\":\"WebPage\",\"@id\":\"https:\/\/yoopies.no\/c\/hvordan-lage-vaskemidler-selv\/\",\"url\":\"https:\/\/yoopies.no\/c\/hvordan-lage-vaskemidler-selv\/\",\"name\":\"Spar penger og redd planeten samtidig n\u00e5r du vasker\",\"isPartOf\":{\"@id\":\"https:\/\/yoopies.no\/c\/#website\"},\"primaryImageOfPage\":{\"@id\":\"https:\/\/yoopies.no\/c\/hvordan-lage-vaskemidler-selv\/#primaryimage\"},\"image\":{\"@id\":\"https:\/\/yoopies.no\/c\/hvordan-lage-vaskemidler-selv\/#primaryimage\"},\"thumbnailUrl\":\"https:\/\/yoopies.no\/c\/wp-content\/uploads\/sites\/14\/2019\/10\/ef4ecaf7d3892f4be04fa21c53493126dc93ca55-untitled-design-5.jpg\",\"datePublished\":\"2019-10-23T10:22:52+00:00\",\"dateModified\":\"2025-06-12T08:49:42+00:00\",\"description\":\"Ved \u00e5 lage egne vaskemidler kan du v\u00e6re sikker p\u00e5 at du vet hva som er i dem. Lag det til neste gang vaskehjelpen din kommer for \u00e5 vaske ned huset. Du vil merke en stor forskjell!\",\"breadcrumb\":{\"@id\":\"https:\/\/yoopies.no\/c\/hvordan-lage-vaskemidler-selv\/#breadcrumb\"},\"inLanguage\":\"nb-NO\",\"potentialAction\":[{\"@type\":\"ReadAction\",\"target\":[\"https:\/\/yoopies.no\/c\/hvordan-lage-vaskemidler-selv\/\"]}]},{\"@type\":\"ImageObject\",\"inLanguage\":\"nb-NO\",\"@id\":\"https:\/\/yoopies.no\/c\/hvordan-lage-vaskemidler-selv\/#primaryimage\",\"url\":\"https:\/\/yoopies.no\/c\/wp-content\/uploads\/sites\/14\/2019\/10\/ef4ecaf7d3892f4be04fa21c53493126dc93ca55-untitled-design-5.jpg\",\"contentUrl\":\"https:\/\/yoopies.no\/c\/wp-content\/uploads\/sites\/14\/2019\/10\/ef4ecaf7d3892f4be04fa21c53493126dc93ca55-untitled-design-5.jpg\",\"width\":1200,\"height\":675},{\"@type\":\"BreadcrumbList\",\"@id\":\"https:\/\/yoopies.no\/c\/hvordan-lage-vaskemidler-selv\/#breadcrumb\",\"itemListElement\":[{\"@type\":\"ListItem\",\"position\":1,\"name\":\"Home\",\"item\":\"https:\/\/yoopies.no\/c\/\"},{\"@type\":\"ListItem\",\"position\":2,\"name\":\"Hvordan vaske huset og redde planeten samtidig!\"}]},{\"@type\":\"WebSite\",\"@id\":\"https:\/\/yoopies.no\/c\/#website\",\"url\":\"https:\/\/yoopies.no\/c\/\",\"name\":\"Yoopies Norge\",\"description\":\"\",\"potentialAction\":[{\"@type\":\"SearchAction\",\"target\":{\"@type\":\"EntryPoint\",\"urlTemplate\":\"https:\/\/yoopies.no\/c\/?s={search_term_string}\"},\"query-input\":{\"@type\":\"PropertyValueSpecification\",\"valueRequired\":true,\"valueName\":\"search_term_string\"}}],\"inLanguage\":\"nb-NO\"}]}<\/script>\n<!-- \/ Yoast SEO plugin. -->","yoast_head_json":{"title":"Spar penger og redd planeten samtidig n\u00e5r du vasker","description":"Ved \u00e5 lage egne vaskemidler kan du v\u00e6re sikker p\u00e5 at du vet hva som er i dem. Lag det til neste gang vaskehjelpen din kommer for \u00e5 vaske ned huset. Du vil merke en stor forskjell!","robots":{"index":"index","follow":"follow","max-snippet":"max-snippet:-1","max-image-preview":"max-image-preview:large","max-video-preview":"max-video-preview:-1"},"canonical":"https:\/\/yoopies.no\/c\/hvordan-lage-vaskemidler-selv\/","og_locale":"nb_NO","og_type":"article","og_title":"Spar penger og redd planeten samtidig n\u00e5r du vasker","og_description":"Ved \u00e5 lage egne vaskemidler kan du v\u00e6re sikker p\u00e5 at du vet hva som er i dem. Lag det til neste gang vaskehjelpen din kommer for \u00e5 vaske ned huset. Du vil merke en stor forskjell!","og_url":"https:\/\/yoopies.no\/c\/hvordan-lage-vaskemidler-selv\/","og_site_name":"Yoopies Norge","article_modified_time":"2025-06-12T08:49:42+00:00","og_image":[{"width":1200,"height":675,"url":"https:\/\/yoopies.no\/c\/wp-content\/uploads\/sites\/14\/2019\/10\/ef4ecaf7d3892f4be04fa21c53493126dc93ca55-untitled-design-5.jpg","type":"image\/jpeg"}],"twitter_card":"summary_large_image","twitter_misc":{"Ansl. lesetid":"2 minutter"},"schema":{"@context":"https:\/\/schema.org","@graph":[{"@type":"WebPage","@id":"https:\/\/yoopies.no\/c\/hvordan-lage-vaskemidler-selv\/","url":"https:\/\/yoopies.no\/c\/hvordan-lage-vaskemidler-selv\/","name":"Spar penger og redd planeten samtidig n\u00e5r du vasker","isPartOf":{"@id":"https:\/\/yoopies.no\/c\/#website"},"primaryImageOfPage":{"@id":"https:\/\/yoopies.no\/c\/hvordan-lage-vaskemidler-selv\/#primaryimage"},"image":{"@id":"https:\/\/yoopies.no\/c\/hvordan-lage-vaskemidler-selv\/#primaryimage"},"thumbnailUrl":"https:\/\/yoopies.no\/c\/wp-content\/uploads\/sites\/14\/2019\/10\/ef4ecaf7d3892f4be04fa21c53493126dc93ca55-untitled-design-5.jpg","datePublished":"2019-10-23T10:22:52+00:00","dateModified":"2025-06-12T08:49:42+00:00","description":"Ved \u00e5 lage egne vaskemidler kan du v\u00e6re sikker p\u00e5 at du vet hva som er i dem. Lag det til neste gang vaskehjelpen din kommer for \u00e5 vaske ned huset. Du vil merke en stor forskjell!","breadcrumb":{"@id":"https:\/\/yoopies.no\/c\/hvordan-lage-vaskemidler-selv\/#breadcrumb"},"inLanguage":"nb-NO","potentialAction":[{"@type":"ReadAction","target":["https:\/\/yoopies.no\/c\/hvordan-lage-vaskemidler-selv\/"]}]},{"@type":"ImageObject","inLanguage":"nb-NO","@id":"https:\/\/yoopies.no\/c\/hvordan-lage-vaskemidler-selv\/#primaryimage","url":"https:\/\/yoopies.no\/c\/wp-content\/uploads\/sites\/14\/2019\/10\/ef4ecaf7d3892f4be04fa21c53493126dc93ca55-untitled-design-5.jpg","contentUrl":"https:\/\/yoopies.no\/c\/wp-content\/uploads\/sites\/14\/2019\/10\/ef4ecaf7d3892f4be04fa21c53493126dc93ca55-untitled-design-5.jpg","width":1200,"height":675},{"@type":"BreadcrumbList","@id":"https:\/\/yoopies.no\/c\/hvordan-lage-vaskemidler-selv\/#breadcrumb","itemListElement":[{"@type":"ListItem","position":1,"name":"Home","item":"https:\/\/yoopies.no\/c\/"},{"@type":"ListItem","position":2,"name":"Hvordan vaske huset og redde planeten samtidig!"}]},{"@type":"WebSite","@id":"https:\/\/yoopies.no\/c\/#website","url":"https:\/\/yoopies.no\/c\/","name":"Yoopies Norge","description":"","potentialAction":[{"@type":"SearchAction","target":{"@type":"EntryPoint","urlTemplate":"https:\/\/yoopies.no\/c\/?s={search_term_string}"},"query-input":{"@type":"PropertyValueSpecification","valueRequired":true,"valueName":"search_term_string"}}],"inLanguage":"nb-NO"}]}},"_links":{"self":[{"href":"https:\/\/yoopies.no\/c\/wp-json\/wp\/v2\/pages\/12","targetHints":{"allow":["GET"]}}],"collection":[{"href":"https:\/\/yoopies.no\/c\/wp-json\/wp\/v2\/pages"}],"about":[{"href":"https:\/\/yoopies.no\/c\/wp-json\/wp\/v2\/types\/page"}],"author":[{"embeddable":true,"href":"https:\/\/yoopies.no\/c\/wp-json\/wp\/v2\/users\/10"}],"replies":[{"embeddable":true,"href":"https:\/\/yoopies.no\/c\/wp-json\/wp\/v2\/comments?post=12"}],"version-history":[{"count":1,"href":"https:\/\/yoopies.no\/c\/wp-json\/wp\/v2\/pages\/12\/revisions"}],"predecessor-version":[{"id":15,"href":"https:\/\/yoopies.no\/c\/wp-json\/wp\/v2\/pages\/12\/revisions\/15"}],"wp:featuredmedia":[{"embeddable":true,"href":"https:\/\/yoopies.no\/c\/wp-json\/wp\/v2\/media\/14"}],"wp:attachment":[{"href":"https:\/\/yoopies.no\/c\/wp-json\/wp\/v2\/media?parent=12"}],"curies":[{"name":"wp","href":"https:\/\/api.w.org\/{rel}","templated":true}]}}